{"id":42,"date":"2011-05-04T14:13:18","date_gmt":"2011-05-04T14:13:18","guid":{"rendered":"http:\/\/s364842940.online.de\/regenbogen\/?page_id=42"},"modified":"2024-06-07T06:49:05","modified_gmt":"2024-06-07T06:49:05","slug":"forderverein","status":"publish","type":"page","link":"https:\/\/www.regenbogenschule-sontra.de\/?page_id=42","title":{"rendered":"F\u00f6rderverein"},"content":{"rendered":"<p><span style=\"color: #ff0000;\">Die Mitgliedsbeitr\u00e4ge werden Anfang September f\u00e4llig.<\/span><\/p>\n<p><strong>Vorstand des F\u00f6rdervereins<\/strong><\/p>\n<p>Am 04.03.2024 wurde ein neuer Vorstand gew\u00e4hlt:<\/p>\n<p>1. Vorsitzende: Frau Regina Pr\u00fc\u00dfner<br \/>\n2. Vorsitzender: Herr Bachmann<\/p>\n<p>Kassierer: Frau\u00a0 Constanze Kohler<br \/>\nSchriftf\u00fchrerin: Martina John<\/p>\n<p>Beisitzerin: Frau Kristina Schmidt<\/p>\n<p><span style=\"text-decoration: underline;\"><strong>Bankverbindung des Vereins<\/strong><\/span>:<br \/>\nSparkasse Werra-Mei\u00dfner\u00a0\u00a0\u00a0\u00a0\u00a0\u00a0\u00a0\u00a0 \u00a0BLZ 522 500 300\u00a0\u00a0\u00a0\u00a0\u00a0\u00a0\u00a0\u00a0\u00a0 Kont-Nr. 6009807<\/p>\n<p><strong>Verein der Freunde und F\u00f6rderer der Regenbogenschule Sontra<\/strong><\/p>\n<p>Der Verein f\u00f6rdert die Bildungs- und Erziehungsarbeit der Regenbogenschule in ideeller, praktischer und finanzieller Hinsicht, damit die Regenbogenschule ihren p\u00e4dagogischen Auftrag zum Wohle der Sch\u00fcler besser erf\u00fcllen kann.<br \/>\nDie T\u00e4tigkeit in dem Verein und seinen Organen ist ehrenamtlich.<\/p>\n<p>Aufgaben des F\u00f6rdervereins sind:<br \/>\n&#8211; Organisierung der Mitarbeit von Eltern und anderen Personen f\u00fcr Schulveranstaltungen wie Ausfl\u00fcge, Projekte, Aktionen zur Versch\u00f6nerung der Schule und<br \/>\nandere schulische Zwecke,<br \/>\n&#8211; Sammlung, Verwaltung und Weiterleitung von Spenden f\u00fcr wichtige Anschaffungen der Schule oder als Beihilfe f\u00fcr die Teilnahme finanziell schlechter gestellter<br \/>\nKinder an den kostenpflichtigen schulischen Veranstaltungen,<br \/>\n&#8211; die Zusammenarbeit mit anderen Vereinigungen und Institutionen.<\/p>\n<p>Mitgliedschaft F\u00f6rderverein<a href=\"http:\/\/www.regenbogenschule-sontra.de\/wp-content\/uploads\/2011\/06\/Mitgliedsantrag.pdf\">Mitgliedsantrag<\/a><\/p>\n<p><a href=\"https:\/\/www.regenbogenschule-sontra.de\/wp-content\/uploads\/2011\/05\/2_grosshand02.jpg\"><img loading=\"lazy\" decoding=\"async\" class=\"alignnone size-full wp-image-332\" title=\"2_grosshand02\" src=\"https:\/\/www.regenbogenschule-sontra.de\/wp-content\/uploads\/2011\/05\/2_grosshand02.jpg\" alt=\"\" width=\"221\" height=\"232\" \/><\/a><\/p>\n","protected":false},"excerpt":{"rendered":"<p>Die Mitgliedsbeitr\u00e4ge werden Anfang September f\u00e4llig. Vorstand des F\u00f6rdervereins Am 04.03.2024 wurde ein neuer Vorstand gew\u00e4hlt: 1. Vorsitzende: Frau Regina Pr\u00fc\u00dfner 2. Vorsitzender: Herr Bachmann Kassierer: Frau\u00a0 Constanze Kohler Schriftf\u00fchrerin: Martina John Beisitzerin: Frau Kristina Schmidt Bankverbindung des Vereins: Sparkasse Werra-Mei\u00dfner\u00a0\u00a0\u00a0\u00a0\u00a0\u00a0\u00a0\u00a0 \u00a0BLZ 522 500 300\u00a0\u00a0\u00a0\u00a0\u00a0\u00a0\u00a0\u00a0\u00a0 Kont-Nr. 6009807 Verein der Freunde und F\u00f6rderer der Regenbogenschule Sontra [&hellip;]<\/p>\n","protected":false},"author":1,"featured_media":0,"parent":0,"menu_order":0,"comment_status":"closed","ping_status":"closed","template":"","meta":{"footnotes":""},"class_list":["post-42","page","type-page","status-publish","hentry","post-preview"],"_links":{"self":[{"href":"https:\/\/www.regenbogenschule-sontra.de\/index.php?rest_route=\/wp\/v2\/pages\/42","targetHints":{"allow":["GET"]}}],"collection":[{"href":"https:\/\/www.regenbogenschule-sontra.de\/index.php?rest_route=\/wp\/v2\/pages"}],"about":[{"href":"https:\/\/www.regenbogenschule-sontra.de\/index.php?rest_route=\/wp\/v2\/types\/page"}],"author":[{"embeddable":true,"href":"https:\/\/www.regenbogenschule-sontra.de\/index.php?rest_route=\/wp\/v2\/users\/1"}],"replies":[{"embeddable":true,"href":"https:\/\/www.regenbogenschule-sontra.de\/index.php?rest_route=%2Fwp%2Fv2%2Fcomments&post=42"}],"version-history":[{"count":8,"href":"https:\/\/www.regenbogenschule-sontra.de\/index.php?rest_route=\/wp\/v2\/pages\/42\/revisions"}],"predecessor-version":[{"id":2989,"href":"https:\/\/www.regenbogenschule-sontra.de\/index.php?rest_route=\/wp\/v2\/pages\/42\/revisions\/2989"}],"wp:attachment":[{"href":"https:\/\/www.regenbogenschule-sontra.de\/index.php?rest_route=%2Fwp%2Fv2%2Fmedia&parent=42"}],"curies":[{"name":"wp","href":"https:\/\/api.w.org\/{rel}","templated":true}]}}