{"id":32,"date":"2011-05-04T14:07:37","date_gmt":"2011-05-04T14:07:37","guid":{"rendered":"http:\/\/s364842940.online.de\/regenbogen\/?page_id=32"},"modified":"2026-04-01T16:18:07","modified_gmt":"2026-04-01T16:18:07","slug":"schulprogramm","status":"publish","type":"page","link":"https:\/\/www.regenbogenschule-sontra.de\/?page_id=32","title":{"rendered":"Schulprogramm"},"content":{"rendered":"<p><a href=\"https:\/\/www.regenbogenschule-sontra.de\/wp-content\/uploads\/2011\/05\/1_farbe_gruen01.jpg\"><img loading=\"lazy\" decoding=\"async\" class=\"size-full wp-image-351 alignright\" title=\"1_farbe_gruen01\" src=\"https:\/\/www.regenbogenschule-sontra.de\/wp-content\/uploads\/2011\/05\/1_farbe_gruen01.jpg\" alt=\"\" width=\"59\" height=\"500\" \/><\/a>Die Regenbogenschule Sontra wird von 280 Kindern besucht. An unserer Schule gibt es Inklusionsklassen. Hier werden Kinder mit unterschiedlichen Einschr\u00e4nkungen gemeinsam mit den anderen unterrichtet.<\/p>\n<p>Neben den einzelnen F\u00f6rderstunden f\u00fcr Deutsch und Mathematik in wenigen Klassen, bestehen zus\u00e4tzlich sozialp\u00e4dagogische F\u00f6rdergruppen.<br \/>\nDes Weiteren sieht das Schulprogramm eine LRS-F\u00f6rderung vor. Zurzeit nehmen mehrere lese-und\/oder rechtschreibschwache Sch\u00fcler aus verschiedenen Klassen an den spezifischen F\u00f6rdergruppen teil.<\/p>\n<p>Unsere Schule erhielt das Zertifikat &#8222;Bewegte Schule&#8220;.<\/p>\n","protected":false},"excerpt":{"rendered":"<p>Die Regenbogenschule Sontra wird von 280 Kindern besucht. An unserer Schule gibt es Inklusionsklassen. Hier werden Kinder mit unterschiedlichen Einschr\u00e4nkungen gemeinsam mit den anderen unterrichtet. Neben den einzelnen F\u00f6rderstunden f\u00fcr Deutsch und Mathematik in wenigen Klassen, bestehen zus\u00e4tzlich sozialp\u00e4dagogische F\u00f6rdergruppen. Des Weiteren sieht das Schulprogramm eine LRS-F\u00f6rderung vor. Zurzeit nehmen mehrere lese-und\/oder rechtschreibschwache Sch\u00fcler aus [&hellip;]<\/p>\n","protected":false},"author":1,"featured_media":0,"parent":0,"menu_order":0,"comment_status":"closed","ping_status":"closed","template":"","meta":{"footnotes":""},"class_list":["post-32","page","type-page","status-publish","hentry","post-preview"],"_links":{"self":[{"href":"https:\/\/www.regenbogenschule-sontra.de\/index.php?rest_route=\/wp\/v2\/pages\/32","targetHints":{"allow":["GET"]}}],"collection":[{"href":"https:\/\/www.regenbogenschule-sontra.de\/index.php?rest_route=\/wp\/v2\/pages"}],"about":[{"href":"https:\/\/www.regenbogenschule-sontra.de\/index.php?rest_route=\/wp\/v2\/types\/page"}],"author":[{"embeddable":true,"href":"https:\/\/www.regenbogenschule-sontra.de\/index.php?rest_route=\/wp\/v2\/users\/1"}],"replies":[{"embeddable":true,"href":"https:\/\/www.regenbogenschule-sontra.de\/index.php?rest_route=%2Fwp%2Fv2%2Fcomments&post=32"}],"version-history":[{"count":5,"href":"https:\/\/www.regenbogenschule-sontra.de\/index.php?rest_route=\/wp\/v2\/pages\/32\/revisions"}],"predecessor-version":[{"id":2996,"href":"https:\/\/www.regenbogenschule-sontra.de\/index.php?rest_route=\/wp\/v2\/pages\/32\/revisions\/2996"}],"wp:attachment":[{"href":"https:\/\/www.regenbogenschule-sontra.de\/index.php?rest_route=%2Fwp%2Fv2%2Fmedia&parent=32"}],"curies":[{"name":"wp","href":"https:\/\/api.w.org\/{rel}","templated":true}]}}