{"id":2007,"date":"2018-01-25T12:13:55","date_gmt":"2018-01-25T12:13:55","guid":{"rendered":"http:\/\/www.regenbogenschule-sontra.de\/?page_id=2007"},"modified":"2024-12-23T11:04:57","modified_gmt":"2024-12-23T11:04:57","slug":"archiv-2017","status":"publish","type":"page","link":"https:\/\/www.regenbogenschule-sontra.de\/?page_id=2007","title":{"rendered":"Archiv"},"content":{"rendered":"\n<p>Schulfest<\/p>\n\n\n\n<p>Sontra \u2013 Gr\u00fcnes Licht f\u00e4llt auf die Schmetterlinge, die sich an einem Platz sammeln, Schlangen, Affen und Faultiere baumeln herab, etwas weiter funkeln die Augen von Raubkatzen. Ein Dschungel erwartete die Besucher des Schulfests der Regenbogenschule am Freitag dort, wo eigentlich der Unterricht der Klasse 2a stattfindet.<\/p>\n<p>Das Leben an der Regenbogenschule stand von Dienstag bis Freitag ganz im Zeichen der Projekte, in die sich die Kinder aller Klassen zuvor ganz nach ihren Interessen hatten einw\u00e4hlen k\u00f6nnen. Schulleiterin Silke Genzel sagt: \u201eWir haben die Kinder befragt.\u201c \u00dcber die Klassensprecher der dritten und vierten Klassen kamen Ideen f\u00fcr Projekte zusammen, auch die Lehrerinnen und Lehrer brachten sich nach ihren Interessen ein. Diese Motivation habe sich auch auf die Kinder \u00fcbertragen. Sie besch\u00e4ftigten sich unter anderem mit dem Thema Upcycling, studierten Zaubertricks, T\u00e4nze und Lieder im Chor ein. Damit die Projektwoche t\u00e4glich bis 15 Uhr etwas Besonderes war, gestalteten die Betreuungskr\u00e4fte am Nachmittag alles rund um die Fu\u00dfball-Europameisterschaft. Wie Iris Keudel von der Betreuung sagt, spielten die Kinder eine eigene EM, an deren Ende Deutschland und Frankreich im Finale standen.<\/p>\n<p>Wichtig sei es laut Silke Genzel gewesen, auch Angebote in der Natur nahe der Schule zu schaffen. \u00dcber 80 Kilometer legten Kinder in einem der Projekte auf jedem der drei neuen Fahrr\u00e4der zur\u00fcck, die das Basar-Team Kleine Strolche Sontra beim Schulfest offiziell \u00fcberreichte. \u201eWir verfolgen ja immer den Zweck: Von Sontra f\u00fcr Sontra\u201c, sagt Gr\u00fcnderin Patricia Vella. Die Mitglieder haben Kinder, die die Schule besuchen, wollten den Radsport dort mit der Spende aus einem Babysachenbasar unterst\u00fctzen.<\/p>\n<p>Walderlebnistag<\/p>\n<p>In der Natur waren die Kinder beim Walderlebnistag unterwegs, die sich f\u00fcr das Projekt zum Wald entschieden hatten. Paul sagt, dass er sich f\u00fcr das Projekt entschieden hat, weil er oft mit seinem nun verstorbenen Uropa im Wald unterwegs gewesen ist. Neu gelernt hat der Neunj\u00e4hrige, was die bunten Markierungen an B\u00e4umen bedeuten, und auch mehr \u00fcber die Tiere des Waldes. Er erkl\u00e4rt: \u201eMarder sind Allesfresser, aber am liebsten essen sie Fleisch.\u201c Valentin (10) hat besonders der Film \u00fcber die Tiere gut gefallen. Er hat sich durch einen Freund f\u00fcr das Projekt entschieden.<\/p>\n<p>Anschaulich zeigte Dietrich Br\u00e4uer von Hessen-Forst den Kindern im Wald die St\u00e4rken eines Mischwaldes. In einem Spiel wurden die Kinder zuerst zu B\u00e4umen eines Mischwaldes und dann zu einem aus lauter Buchen, den eine D\u00fcrre komplett in die Knie zwang. \u201eUmweltbildung ist explizit eine Aufgabe von Hessen-Forst\u201c, so Br\u00e4uer, der den Tag gemeinsam mit Revierleiter Alexander G\u00f6llner gestaltete.<\/p>\n<p>Schulfest<\/p>\n<p>Alle Projektgruppen hielten ihre Ergebnisse fest und pr\u00e4sentierten sie beim Schulfest, das Schule und F\u00f6rderverein organisiert hatten. Der Verein unter dem Vorsitz von Regina Pr\u00fc\u00dfner stellte seine Arbeit in der B\u00fccherei vor. Hier konnten die Kinder spielerisch erste Programmierschritte wagen. Das Material dazu hat der Verein finanziert, ein Roboter soll folgen.<\/p>\n<p>Erstmals, so Silke Genzel, fand das Fest auf dem neuen Schulcampus statt. Mayla Julie (8) zeigte auf die bunten Kreidebilder im Aufgang und erkl\u00e4rte, dass die Kinder der Betreuung ihn f\u00fcr das Schulfest bemalt haben. Sie hat sich bei der Projekteinwahl f\u00fcr Experimente von der Ballonrakete bis zu einem Stern entschieden, der sich auf dem Wasser selbst entfaltet.<\/p>\n<p>Mit der Unterwasserwelt und besonders mit dem Fetzenfisch wollte sich Melia (10) besch\u00e4ftigen: \u201eIch habe eine Wissenskartei davon gesehen und dachte: Das m\u00f6chte ich machen.\u201c Richtig eingetaucht ist sie in das Thema, hat zu Hause weiterrecherchiert und mit Farbe, Spachtelmasse und mehr ein beeindruckendes Plakat zum Fetzenfisch gestaltet: \u201eUnd das an einem Tag.\u201c<br \/>SOPHIE RIMBACH Werra-Rundschau<\/p>\n<p><a href=\"https:\/\/www.regenbogenschule-sontra.de\/wp-content\/uploads\/2024\/06\/Schulfest.pdf\">Schulfest<\/a><\/p>\n\n\n\n<p><strong>B\u00fcrgermeister finanziert Theaterfahrt nach Kassel<\/strong><\/p>\n\n\n\n<h4>Mitte November machten sich 280 Sch\u00fclerInnen der Regenbogenschule<br>Sontra (Grundschule) an drei Tagen auf den Weg nach Kassel. Grund<br>daf\u00fcr war das allseits beliebte, vom Staatstheater Kassel, inszenierte<br>Familienst\u00fcck \u201ePippi Langstrumpf\u201c von Astrid Lindgren.<br>M\u00f6glich gemacht wurde dies durch B\u00fcrgermeister Thomas Eckhardt, der<br>die Theaterkarten f\u00fcr alle Grundsch\u00fclerInnen bezahlte. Auch die<br>Busfahrt nach Kassel wurde vom Land Hessen \u00fcbernommen.<br>Die Regenbogenschule Sontra m\u00f6chte sich daf\u00fcr ganz herzlich bei allen<br>Beteiligten bedanken!!<br>Es war ein wundersch\u00f6ner Tag, den die Kinder, mal abseits vom<br>Schulalltag, sehr genossen haben. Das Strahlen der Kinderaugen,<br>wovon einige zum ersten Mal in ihrem Leben ein Theater besuchten und<br>die positiven R\u00fcckmeldungen der Kinder im Anschluss an die<br>Vorstellungen sprechen f\u00fcr sich.<\/h4>\n<p><a href=\"https:\/\/www.regenbogenschule-sontra.de\/wp-content\/uploads\/2023\/12\/IMG_0505.jpg\"><img loading=\"lazy\" decoding=\"async\" class=\"aligncenter size-large wp-image-2758\" src=\"https:\/\/www.regenbogenschule-sontra.de\/wp-content\/uploads\/2023\/12\/IMG_0505-1024x768.jpg\" alt=\"\" width=\"676\" height=\"507\" srcset=\"https:\/\/www.regenbogenschule-sontra.de\/wp-content\/uploads\/2023\/12\/IMG_0505-1024x768.jpg 1024w, https:\/\/www.regenbogenschule-sontra.de\/wp-content\/uploads\/2023\/12\/IMG_0505-300x225.jpg 300w, https:\/\/www.regenbogenschule-sontra.de\/wp-content\/uploads\/2023\/12\/IMG_0505-768x576.jpg 768w, https:\/\/www.regenbogenschule-sontra.de\/wp-content\/uploads\/2023\/12\/IMG_0505-1536x1152.jpg 1536w, https:\/\/www.regenbogenschule-sontra.de\/wp-content\/uploads\/2023\/12\/IMG_0505-676x507.jpg 676w, https:\/\/www.regenbogenschule-sontra.de\/wp-content\/uploads\/2023\/12\/IMG_0505.jpg 1632w\" sizes=\"auto, (max-width: 676px) 100vw, 676px\" \/><\/a> <a href=\"https:\/\/www.regenbogenschule-sontra.de\/wp-content\/uploads\/2023\/12\/IMG_0512.jpg\"><img loading=\"lazy\" decoding=\"async\" class=\"aligncenter size-large wp-image-2759\" src=\"https:\/\/www.regenbogenschule-sontra.de\/wp-content\/uploads\/2023\/12\/IMG_0512-1024x768.jpg\" alt=\"\" width=\"676\" height=\"507\" srcset=\"https:\/\/www.regenbogenschule-sontra.de\/wp-content\/uploads\/2023\/12\/IMG_0512-1024x768.jpg 1024w, https:\/\/www.regenbogenschule-sontra.de\/wp-content\/uploads\/2023\/12\/IMG_0512-300x225.jpg 300w, https:\/\/www.regenbogenschule-sontra.de\/wp-content\/uploads\/2023\/12\/IMG_0512-768x576.jpg 768w, https:\/\/www.regenbogenschule-sontra.de\/wp-content\/uploads\/2023\/12\/IMG_0512-1536x1152.jpg 1536w, https:\/\/www.regenbogenschule-sontra.de\/wp-content\/uploads\/2023\/12\/IMG_0512-676x507.jpg 676w, https:\/\/www.regenbogenschule-sontra.de\/wp-content\/uploads\/2023\/12\/IMG_0512.jpg 1632w\" sizes=\"auto, (max-width: 676px) 100vw, 676px\" \/><\/a><\/p>\n\n\n\n\n","protected":false},"excerpt":{"rendered":"<p>Schulfest Sontra \u2013 Gr\u00fcnes Licht f\u00e4llt auf die Schmetterlinge, die sich an einem Platz sammeln, Schlangen, Affen und Faultiere baumeln herab, etwas weiter funkeln die Augen von Raubkatzen. Ein Dschungel erwartete die Besucher des Schulfests der Regenbogenschule am Freitag dort, wo eigentlich der Unterricht der Klasse 2a stattfindet. Das Leben an der Regenbogenschule stand von [&hellip;]<\/p>\n","protected":false},"author":2,"featured_media":0,"parent":0,"menu_order":0,"comment_status":"closed","ping_status":"closed","template":"","meta":{"footnotes":""},"class_list":["post-2007","page","type-page","status-publish","hentry","post-preview"],"_links":{"self":[{"href":"https:\/\/www.regenbogenschule-sontra.de\/index.php?rest_route=\/wp\/v2\/pages\/2007","targetHints":{"allow":["GET"]}}],"collection":[{"href":"https:\/\/www.regenbogenschule-sontra.de\/index.php?rest_route=\/wp\/v2\/pages"}],"about":[{"href":"https:\/\/www.regenbogenschule-sontra.de\/index.php?rest_route=\/wp\/v2\/types\/page"}],"author":[{"embeddable":true,"href":"https:\/\/www.regenbogenschule-sontra.de\/index.php?rest_route=\/wp\/v2\/users\/2"}],"replies":[{"embeddable":true,"href":"https:\/\/www.regenbogenschule-sontra.de\/index.php?rest_route=%2Fwp%2Fv2%2Fcomments&post=2007"}],"version-history":[{"count":6,"href":"https:\/\/www.regenbogenschule-sontra.de\/index.php?rest_route=\/wp\/v2\/pages\/2007\/revisions"}],"predecessor-version":[{"id":2834,"href":"https:\/\/www.regenbogenschule-sontra.de\/index.php?rest_route=\/wp\/v2\/pages\/2007\/revisions\/2834"}],"wp:attachment":[{"href":"https:\/\/www.regenbogenschule-sontra.de\/index.php?rest_route=%2Fwp%2Fv2%2Fmedia&parent=2007"}],"curies":[{"name":"wp","href":"https:\/\/api.w.org\/{rel}","templated":true}]}}