{"id":1492,"date":"2015-05-21T09:24:16","date_gmt":"2015-05-21T09:24:16","guid":{"rendered":"http:\/\/www.regenbogenschule-sontra.de\/?page_id=1492"},"modified":"2023-09-04T14:16:12","modified_gmt":"2023-09-04T14:16:12","slug":"wir-ueber-uns","status":"publish","type":"page","link":"https:\/\/www.regenbogenschule-sontra.de\/?page_id=1492","title":{"rendered":"Wir \u00fcber uns"},"content":{"rendered":"<p><strong>Profil<\/strong><br \/>\nDie Regenbogenschule ist eine Grundschule mit Vorklasse. An unserer Schule werden Kinder mit und ohne Behinderung gemeinsam unterrichtet. Die Arbeit der Grundschullehrerinnen und \u2013lehrer wird durch F\u00f6rderschullehrerinnen unterst\u00fctzt, die sowohl im Unterricht als auch im Bereich der Beratung t\u00e4tig sind.<br \/>\nUnsere Schule soll so organisiert und gestaltet sein, dass alle Kinder mit und ohne Behinderung am Ende ihrer Grundschulzeit stark genug sind, um ihren Weg in einer weiterf\u00fchrenden Schule gehen zu k\u00f6nnen.<\/p>\n<p><strong>Schwerpunkte im Unterricht, besondere Schulangebote, Projekte und Kooperationen<\/strong><br \/>\nDie Regenbogenschule ist eine der wenigen Schulen im Werra-Mei\u00dfner-Kreis, die \u00fcber eine Vorklasse verf\u00fcgen. Innerhalb unserer Vorklasse werden Kinder unterrichtet, die zwar schulpflichtig, aber noch nicht schulreif sind. Das bedeutet, die Jungen und M\u00e4dchen zeigen in einem oder mehreren Bereichen, beispielsweise Konzentration, Ausdauer, Aufgabenverst\u00e4ndnis, Motorik usw., Auff\u00e4lligkeiten, die die Kinder an einem erfolgreichen Arbeiten im Anfangsunterricht hindern k\u00f6nnten. Das Vorklassenjahr wird aber nicht auf die Schulbesuchsdauer angerechnet.<br \/>\nSeit mehreren Jahren wird jede unserer Klassen von einem LehrerInnen-Team geleitet. Das bedeutet, dass die Hauptf\u00e4cher Mathematik, Deutsch und Sachunterricht von zwei verschiedenen Lehrkr\u00e4ften unterrichtet werden. Beide Lehrkr\u00e4fte sind in die Planung und Durchf\u00fchrung von klasseninternen Veranstaltungen, die Elternarbeit und alle organisatorischen Vorg\u00e4nge involviert. F\u00e4llt also ein Lehrer oder eine Lehrerin aus, gibt es sowohl f\u00fcr die Kinder als auch f\u00fcr die Eltern einen direkten Ansprechpartner.<\/p>\n<p>Die Regenbogenschule ist eine <strong>\u201ebewegte Schule\u201c<\/strong> sowohl im Bereich der k\u00f6rperlichen Aktivit\u00e4ten als auch im Denken. Dies \u00e4u\u00dfert sich im ersten Bereich beispielsweise durch eine durchgehende Versorgung aller Klassen mit drei Stunden Sportunterricht pro Woche. Diese werden entweder in der angegliederten Turnhalle oder im Bewegungsraum sowie bei sch\u00f6nem Wetter auf dem Schulhof durchgef\u00fchrt. Um allen Sch\u00fclerinnen und Sch\u00fclern eine intensive Bewegungspause zu erm\u00f6glichen, nehmen alle Kinder ihr Fr\u00fchst\u00fcck in einer separaten Pause innerhalb der Klasse ein. So haben alle die M\u00f6glichkeit, sich w\u00e4hrend der Hofpausen auf dem Schulhof mit Kletterger\u00e4ten, Fu\u00dfballtoren und jeder Menge Auslauf auszutoben.<br \/>\nOft nutzen die Kinder auch die zahlreichen Fahrzeuge (Roller, Racer, Pedalos usw.), B\u00e4lle, Jongliermaterialien, Tischtennisplatten u.\u00e4., die aus Mitteln des F\u00f6rdervereins angeschafft wurden. Bewegung findet an unserer Schule auch beim Denken und Lernen statt. So lernen die Erstkl\u00e4ssler schon seit mehreren Jahren nicht mehr im Gleichschritt lesen und schreiben, sondern jedes Kind entsprechend seines Leistungsstandes. Im <strong>Anfangsunterricht<\/strong> kommt die Rechtschreibwerkstatt nach Sommer-Stumpenhorst zum Einsatz. Die Sch\u00fclerinnen und Sch\u00fcler lernen so vom ersten Schultag an, ihr Arbeiten selbst zu organisieren, Aufgabenstellungen eigenst\u00e4ndig zu erfassen und umzusetzen. Auch in den anderen Klassenstufen kommt diese Werkstattarbeit zum Einsatz.<br \/>\nIm Bereich des Sachunterrichts gibt es eine enge Verzahnung mit dem Deutschunterricht, so dass viele Projekte (Wasser, Zoo, Strom, vom Korn zum Brot, Fahrrad usw.) f\u00e4cher\u00fcbergreifend bearbeitet werden. Oft werden hierbei auch au\u00dferschulische Lernorte (M\u00fchle, Zoo Erfurt, Kl\u00e4ranlage, Stadtf\u00fchrung) mit einbezogen.<br \/>\nIm Rhythmus von vier Jahren f\u00fchren wir ein <strong>Zirkusprojekt<\/strong> mit dem Zirkus Kaselowsky durch. Hier k\u00f6nnen sich alle Kinder als Artisten, Jongleure, Dresseure oder Clowns versuchen. Finanziert wird diese Aktion durch den F\u00f6rderverein unserer Schule.<\/p>\n<p>Eine enge Zusammenarbeit besteht mit den <strong>umliegenden Schulen aller Schulformen<\/strong>. So arbeiten wir sowohl auf Leitungsebene als auch im Bereich der Fachkonferenzen eng zusammen. Dies soll unseren Sch\u00fclern und Sch\u00fclerinnen den \u00dcbergang in die weiterf\u00fchrenden Schulen erleichtern. Auch mit den Erzieherinnen und Erziehern der<strong> vier Kinderg\u00e4rten<\/strong> findet ein regelm\u00e4\u00dfiger Austausch statt. Im Rahmen der Zusammenarbeit zwischen unserer Schule und den vier Kindertagesst\u00e4tten (AWO \u201eVilla Kunterbunt\u201c, evangelische Kindertagesst\u00e4tte, katholische Kindertagesst\u00e4tte \u201eSt. Maria\u201c, st\u00e4dtische Kindertagesst\u00e4tte \u201eBunte Welt\u201c) f\u00fchren wir gemeinsam verschiedene Projekte und Fortbildungen durch.<\/p>\n<p>Seit 2017 ist unserer Schule in den Pakt f\u00fcr den Nachmittag eingestiegen. Unsere Sch\u00fcler haben seit dem die M\u00f6glichkeit in verschiedenen Modulen bis 16.20 Uhr betreut zu werden.\u00a0 Die Kinder erhalten alle ein Mittagessen, erledigen ihre Hausaufgaben zusammen mit Lehrkr\u00e4ften der Schule und k\u00f6nnen in mehreren extra daf\u00fcr eingerichteten R\u00e4umen sowie dem Schulhof basteln und spielen.<\/p>\n<p>Mit Beginn des Schuljahres 2011\/12 wurde unsere Schule Einsatzstelle f\u00fcr den <strong>Bundesfreiwilligendienst.<\/strong> Dies gibt uns die M\u00f6glichkeit, jungen Leuten bei ihrer Berufsfindung zu helfen und gleichzeitig wertvolle Unterst\u00fctzung sowohl in der Betreuung am Nachmittag als auch vor allem im Anfangsunterricht zu erhalten. Bewerbungen f\u00fcr den Bundesfreiwilligendienst k\u00f6nnen direkt in der Schule abgegeben werden.<\/p>\n<p><strong>F\u00f6rderangebote und Arbeitsgemeinschaften<\/strong><br \/>\n\u2022 F\u00f6rderunterricht in den F\u00e4chern Deutsch und Mathematik in allen Klassen<br \/>\n\u2022 LRS-F\u00f6rderung sowie Rechtschreib- und Lesekurse klassen\u00fcbergreifend ab Klasse 3<br \/>\n\u2022 Zusammenarbeit mit dem TV Sontra im Bereich Handball f\u00fcr die Klassen 1-3<br \/>\n\u2022 Arbeitsgemeinschaften in den Bereichen Fu\u00dfball, Kunst, Musik, Theater<br \/>\n\u2022 Zusammenarbeit mit der Schulsozialarbeit des Werra-Mei\u00dfner-Kreises in den Bereichen Streitschlichter und Sozialkompetenz<\/p>\n<p><strong>Ausstattung<\/strong><br \/>\n\u2022 Fernseher und Internetzugang in allen Klassenr\u00e4umen, zahlreiche Laptops und Tablets<br \/>\n\u2022 Sch\u00fclerb\u00fccherei, ausgestattet durch Mittel des F\u00f6rdervereins, t\u00e4glich w\u00e4hrend der Pausen und auch f\u00fcr alle Klassen am Vormittag ge\u00f6ffnet<br \/>\n\u2022 diverse Fachr\u00e4ume wie Sachunterricht-, Musik-, Werk-, Bewegungsraum<br \/>\n\u2022 K\u00fcche, Betreuungsr\u00e4ume sowie Bewegungsraum zur Nutzung w\u00e4hrend des Schulvormittages und auch im Rahmen von Klassenveranstaltungen<\/p>\n<p><strong>Unterrichtszeiten<\/strong><br \/>\n1. Stunde \u00a0 8:10 &#8211; \u00a0 8:55 Uhr<br \/>\n2. Stunde \u00a0 9:00 &#8211;\u00a0\u00a0 9:45 Uhr<br \/>\n3. Stunde\u00a0\u00a0 9:55 &#8211; 10:40 Uhr<br \/>\n4. Stunde 11:00 &#8211; 11:45 Uhr<br \/>\n5. Stunde 11:50 &#8211; 12:35 Uhr<br \/>\n6. Stunde 12:45 &#8211; 13:30 Uhr<\/p>\n","protected":false},"excerpt":{"rendered":"<p>Profil Die Regenbogenschule ist eine Grundschule mit Vorklasse. An unserer Schule werden Kinder mit und ohne Behinderung gemeinsam unterrichtet. Die Arbeit der Grundschullehrerinnen und \u2013lehrer wird durch F\u00f6rderschullehrerinnen unterst\u00fctzt, die sowohl im Unterricht als auch im Bereich der Beratung t\u00e4tig sind. Unsere Schule soll so organisiert und gestaltet sein, dass alle Kinder mit und ohne [&hellip;]<\/p>\n","protected":false},"author":2,"featured_media":0,"parent":0,"menu_order":0,"comment_status":"closed","ping_status":"closed","template":"","meta":{"footnotes":""},"class_list":["post-1492","page","type-page","status-publish","hentry","post-preview"],"_links":{"self":[{"href":"https:\/\/www.regenbogenschule-sontra.de\/index.php?rest_route=\/wp\/v2\/pages\/1492","targetHints":{"allow":["GET"]}}],"collection":[{"href":"https:\/\/www.regenbogenschule-sontra.de\/index.php?rest_route=\/wp\/v2\/pages"}],"about":[{"href":"https:\/\/www.regenbogenschule-sontra.de\/index.php?rest_route=\/wp\/v2\/types\/page"}],"author":[{"embeddable":true,"href":"https:\/\/www.regenbogenschule-sontra.de\/index.php?rest_route=\/wp\/v2\/users\/2"}],"replies":[{"embeddable":true,"href":"https:\/\/www.regenbogenschule-sontra.de\/index.php?rest_route=%2Fwp%2Fv2%2Fcomments&post=1492"}],"version-history":[{"count":8,"href":"https:\/\/www.regenbogenschule-sontra.de\/index.php?rest_route=\/wp\/v2\/pages\/1492\/revisions"}],"predecessor-version":[{"id":2743,"href":"https:\/\/www.regenbogenschule-sontra.de\/index.php?rest_route=\/wp\/v2\/pages\/1492\/revisions\/2743"}],"wp:attachment":[{"href":"https:\/\/www.regenbogenschule-sontra.de\/index.php?rest_route=%2Fwp%2Fv2%2Fmedia&parent=1492"}],"curies":[{"name":"wp","href":"https:\/\/api.w.org\/{rel}","templated":true}]}}