{"id":132,"date":"2011-05-04T16:27:03","date_gmt":"2011-05-04T16:27:03","guid":{"rendered":"http:\/\/s364842940.online.de\/regenbogen\/?page_id=132"},"modified":"2025-10-06T08:45:34","modified_gmt":"2025-10-06T08:45:34","slug":"herzlich-willkommen","status":"publish","type":"page","link":"https:\/\/www.regenbogenschule-sontra.de\/","title":{"rendered":"Sicher durch den Winter &#8211; F\u00f6rderverein spendet Sicherheitswesten"},"content":{"rendered":"\n<p>Der F\u00f6rderverein der Regenbogenschule hat auch in diesem Jahr wieder allen Kindern der ersten Klassen und der Vorklasse leuchtende Sicherheitswesten geschenkt. So sind unsere j\u00fcngsten Sch\u00fclerinnen und Sch\u00fcler in der dunklen Jahreszeit besser im Stra\u00dfenverkehr sichtbar und k\u00f6nnen sicher zur Schule kommen.<\/p>\n<p><a href=\"https:\/\/www.regenbogenschule-sontra.de\/wp-content\/uploads\/2025\/10\/20250930_120508-scaled.jpg\"><img loading=\"lazy\" decoding=\"async\" class=\"aligncenter size-large wp-image-2977\" src=\"https:\/\/www.regenbogenschule-sontra.de\/wp-content\/uploads\/2025\/10\/20250930_120508-1024x768.jpg\" alt=\"\" width=\"676\" height=\"507\" srcset=\"https:\/\/www.regenbogenschule-sontra.de\/wp-content\/uploads\/2025\/10\/20250930_120508-1024x768.jpg 1024w, https:\/\/www.regenbogenschule-sontra.de\/wp-content\/uploads\/2025\/10\/20250930_120508-300x225.jpg 300w, https:\/\/www.regenbogenschule-sontra.de\/wp-content\/uploads\/2025\/10\/20250930_120508-768x576.jpg 768w, https:\/\/www.regenbogenschule-sontra.de\/wp-content\/uploads\/2025\/10\/20250930_120508-1536x1152.jpg 1536w, https:\/\/www.regenbogenschule-sontra.de\/wp-content\/uploads\/2025\/10\/20250930_120508-2048x1536.jpg 2048w, https:\/\/www.regenbogenschule-sontra.de\/wp-content\/uploads\/2025\/10\/20250930_120508-676x507.jpg 676w\" sizes=\"auto, (max-width: 676px) 100vw, 676px\" \/><\/a><\/p>\n<p>Wir bedanken uns herzlich beim F\u00f6rderverein unsere Schule f\u00fcr diese tolle und wichtige Aktion.<\/p>\n\n\n\n\n\n\n\n<h4><strong>Sicher unterwegs mit der Busschule<\/strong><\/h4>\n<p>Die ersten Klassen unserer Schule hatten in der zweiten Schulwoche Besuch von der Busschule. Gemeinsam mit den Experten lernten die Kinder, wie man sich sicher im Bus und an der Bushaltestelle verh\u00e4lt.<\/p>\n<p>Besonders wichtig war dabei das richtige Verhalten beim Anstellen im Wartebereich und das Bewusstsein f\u00fcr m\u00f6gliche Gefahren beim Busfahren.<\/p>\n<p>Ein echtes Highlight war die Bremsprobe mit einem Dummy: So konnten die Sch\u00fclerinnen und Sch\u00fcler direkt erleben, welche Kr\u00e4fte bei einer pl\u00f6tzlichen Bremsung wirken \u2013 und warum es so wichtig ist, sich stets gut festzuhalten und sicher zu sitzen.<\/p>\n<p>Au\u00dferdem wurde ein Film gezeigt, in dem die Kinder selbst aktiv mitarbeiten mussten: Sie sollten die Fehler im Verhalten der Akteure erkennen und gemeinsam besprechen, wie es richtig w\u00e4re.<\/p>\n<p>Die Kinder waren mit gro\u00dfer Begeisterung dabei und haben viel Neues gelernt. Damit sind unsere J\u00fcngsten nun bestens auf ihren t\u00e4glichen Weg mit dem Schulbus vorbereitet.<\/p>\n<p><a href=\"https:\/\/www.regenbogenschule-sontra.de\/wp-content\/uploads\/2025\/09\/20250828_100932-scaled.jpg\"><img loading=\"lazy\" decoding=\"async\" class=\"aligncenter size-large wp-image-2951\" src=\"https:\/\/www.regenbogenschule-sontra.de\/wp-content\/uploads\/2025\/09\/20250828_100932-1024x768.jpg\" alt=\"\" width=\"676\" height=\"507\" srcset=\"https:\/\/www.regenbogenschule-sontra.de\/wp-content\/uploads\/2025\/09\/20250828_100932-1024x768.jpg 1024w, https:\/\/www.regenbogenschule-sontra.de\/wp-content\/uploads\/2025\/09\/20250828_100932-300x225.jpg 300w, https:\/\/www.regenbogenschule-sontra.de\/wp-content\/uploads\/2025\/09\/20250828_100932-768x576.jpg 768w, https:\/\/www.regenbogenschule-sontra.de\/wp-content\/uploads\/2025\/09\/20250828_100932-1536x1152.jpg 1536w, https:\/\/www.regenbogenschule-sontra.de\/wp-content\/uploads\/2025\/09\/20250828_100932-2048x1536.jpg 2048w, https:\/\/www.regenbogenschule-sontra.de\/wp-content\/uploads\/2025\/09\/20250828_100932-676x507.jpg 676w\" sizes=\"auto, (max-width: 676px) 100vw, 676px\" \/><\/a><\/p>\n<p><a href=\"https:\/\/www.regenbogenschule-sontra.de\/wp-content\/uploads\/2025\/09\/20250828_103031-scaled.jpg\"><img loading=\"lazy\" decoding=\"async\" class=\"aligncenter size-large wp-image-2952\" src=\"https:\/\/www.regenbogenschule-sontra.de\/wp-content\/uploads\/2025\/09\/20250828_103031-768x1024.jpg\" alt=\"\" width=\"676\" height=\"901\" srcset=\"https:\/\/www.regenbogenschule-sontra.de\/wp-content\/uploads\/2025\/09\/20250828_103031-768x1024.jpg 768w, https:\/\/www.regenbogenschule-sontra.de\/wp-content\/uploads\/2025\/09\/20250828_103031-225x300.jpg 225w, https:\/\/www.regenbogenschule-sontra.de\/wp-content\/uploads\/2025\/09\/20250828_103031-1152x1536.jpg 1152w, https:\/\/www.regenbogenschule-sontra.de\/wp-content\/uploads\/2025\/09\/20250828_103031-1536x2048.jpg 1536w, https:\/\/www.regenbogenschule-sontra.de\/wp-content\/uploads\/2025\/09\/20250828_103031-676x901.jpg 676w, https:\/\/www.regenbogenschule-sontra.de\/wp-content\/uploads\/2025\/09\/20250828_103031-scaled.jpg 1920w\" sizes=\"auto, (max-width: 676px) 100vw, 676px\" \/><\/a><\/p>\n\n\n\n<h4>&nbsp;<\/h4>\n<h4><strong>Neues E-Piano dank gro\u00dfz\u00fcgiger Elternspende<\/strong><\/h4>\n<p><span class=\"s1\">Wir freuen uns sehr, dass wir ein neues E-Piano der Marke KORG bei uns an der Regenbogenschule begr\u00fc\u00dfen d\u00fcrfen!<\/span><span class=\"apple-converted-space\">&nbsp;<\/span><\/p>\n<p class=\"p1\"><span class=\"s1\">Dank der gro\u00dfz\u00fcgigen Unterst\u00fctzung durch unsere Elternschaft konnten wir ein hochwertiges Instrument \u00fcber den Musikshop Sontra anschaffen.<\/span><\/p>\n<p class=\"p1\"><span class=\"s1\">Das neue Piano bereichert seit April unseren Musikunterricht und er\u00f6ffnet neue kreative M\u00f6glichkeiten f\u00fcr unsere Sch\u00fclerinnen und Sch\u00fcler. Ob beim t\u00e4glichen \u00dcben, bei Auftritten oder im Einsatz bei unserer Chor-AG \u2013 das Instrument wird k\u00fcnftig ein zentraler Bestandteil unseres musikalischen Lebens sein.<\/span><\/p>\n<p class=\"p1\"><span class=\"s1\">Ein herzliches Dankesch\u00f6n an alle, die dieses Projekt m\u00f6glich gemacht haben und Herrn Heydrich, Inhaber des Musikshops, f\u00fcr den Aufbau und die schnelle Abwicklung.<\/span><span class=\"apple-converted-space\">&nbsp;<\/span><\/p>\n<p><a href=\"https:\/\/www.regenbogenschule-sontra.de\/wp-content\/uploads\/2025\/07\/Piano2.jpeg\"><img loading=\"lazy\" decoding=\"async\" class=\"aligncenter size-large wp-image-2935\" src=\"https:\/\/www.regenbogenschule-sontra.de\/wp-content\/uploads\/2025\/07\/Piano2-1024x768.jpeg\" alt=\"\" width=\"676\" height=\"507\" srcset=\"https:\/\/www.regenbogenschule-sontra.de\/wp-content\/uploads\/2025\/07\/Piano2-1024x768.jpeg 1024w, https:\/\/www.regenbogenschule-sontra.de\/wp-content\/uploads\/2025\/07\/Piano2-300x225.jpeg 300w, https:\/\/www.regenbogenschule-sontra.de\/wp-content\/uploads\/2025\/07\/Piano2-768x576.jpeg 768w, https:\/\/www.regenbogenschule-sontra.de\/wp-content\/uploads\/2025\/07\/Piano2-1536x1152.jpeg 1536w, https:\/\/www.regenbogenschule-sontra.de\/wp-content\/uploads\/2025\/07\/Piano2-676x507.jpeg 676w, https:\/\/www.regenbogenschule-sontra.de\/wp-content\/uploads\/2025\/07\/Piano2.jpeg 2048w\" sizes=\"auto, (max-width: 676px) 100vw, 676px\" \/><\/a><\/p>\n<h3><strong>Spannende Lesemomente beim Vorlesewettbewerb<\/strong><\/h3>\n\n\n\n<p><a href=\"https:\/\/www.regenbogenschule-sontra.de\/wp-content\/uploads\/2025\/06\/20250527_120841-1-scaled.jpg\"><img loading=\"lazy\" decoding=\"async\" class=\"aligncenter size-large wp-image-2918\" src=\"https:\/\/www.regenbogenschule-sontra.de\/wp-content\/uploads\/2025\/06\/20250527_120841-1-1024x768.jpg\" alt=\"\" width=\"676\" height=\"507\" srcset=\"https:\/\/www.regenbogenschule-sontra.de\/wp-content\/uploads\/2025\/06\/20250527_120841-1-1024x768.jpg 1024w, https:\/\/www.regenbogenschule-sontra.de\/wp-content\/uploads\/2025\/06\/20250527_120841-1-300x225.jpg 300w, https:\/\/www.regenbogenschule-sontra.de\/wp-content\/uploads\/2025\/06\/20250527_120841-1-768x576.jpg 768w, https:\/\/www.regenbogenschule-sontra.de\/wp-content\/uploads\/2025\/06\/20250527_120841-1-1536x1152.jpg 1536w, https:\/\/www.regenbogenschule-sontra.de\/wp-content\/uploads\/2025\/06\/20250527_120841-1-2048x1536.jpg 2048w, https:\/\/www.regenbogenschule-sontra.de\/wp-content\/uploads\/2025\/06\/20250527_120841-1-676x507.jpg 676w\" sizes=\"auto, (max-width: 676px) 100vw, 676px\" \/><\/a><\/p>\n<p>Mit gro\u00dfer Begeisterung und viel Engagement fand k\u00fcrzlich der allj\u00e4hrliche Vorlesewettbewerb an unserer Schule statt. Teilgenommen haben Sch\u00fclerinnen und Sch\u00fcler der Klassen 2 bis 4 \u2013 und in diesem Jahr erstmals auch Kinder aus der Intensivklasse, die seit einiger Zeit mit viel Einsatz die deutsche Sprache erlernen. Im Vorfeld hatten die Deutschlehrerinnen und Deutschlehrer die Kinder intensiv auf den Wettbewerb vorbereitet. Dabei ging es nicht nur um das fl\u00fcssige Lesen, sondern auch um die Betonung, das richtige Tempo und die F\u00e4higkeit, das Publikum mit der Stimme zu fesseln.<\/p>\n<p>Am Wettbewerbstag war die Aufregung gro\u00df, doch alle Teilnehmenden meisterten ihre Vorlesepassagen mit Bravour. Gelesen wurde sowohl aus bekannten Kinderb\u00fcchern als auch aus selbst ausgew\u00e4hlten Lieblingsgeschichten. Die Jury, bestehend aus Frau Genzel &nbsp;(Schulleiterin), Frau Eberle (Leiterin der Schulb\u00fccherei) und Frau Pr\u00fc\u00dfner (Vorsitzende des F\u00f6rdervereins), hatte die sch\u00f6ne, aber auch herausfordernde Aufgabe, die Leistungen der jungen Leserinnen und Leser zu bewerten.<\/p>\n<p>Besonders erfreulich war die Teilnahme der Kinder aus der Intensivklasse. F\u00fcr viele von ihnen war es das erste Mal, dass sie vor einem Publikum auf Deutsch vorgelesen haben \u2013 ein gro\u00dfer Schritt, der viel Mut und Einsatzbereitschaft zeigt.<\/p>\n<p>Am Ende gab es nicht nur viel Applaus, sondern dank der gro\u00dfz\u00fcgigen Unterst\u00fctzung des F\u00f6rdervereins auch f\u00fcr jedes Kind ein Buchgeschenk. Damit wurde nicht nur die Leistung der Kinder gew\u00fcrdigt, sondern auch ihre Freude am Lesen weiter gef\u00f6rdert.<\/p>\n<p>Der Vorlesewettbewerb war wieder ein voller Erfolg und zeigte eindrucksvoll, wie wichtig Lesef\u00f6rderung, Mut und gemeinsames Lernen f\u00fcr die Schulgemeinschaft sind.<a href=\"https:\/\/www.regenbogenschule-sontra.de\/wp-content\/uploads\/2025\/06\/20250527_120853-scaled.jpg\"><img loading=\"lazy\" decoding=\"async\" class=\"aligncenter size-large wp-image-2919\" src=\"https:\/\/www.regenbogenschule-sontra.de\/wp-content\/uploads\/2025\/06\/20250527_120853-1024x768.jpg\" alt=\"\" width=\"676\" height=\"507\" srcset=\"https:\/\/www.regenbogenschule-sontra.de\/wp-content\/uploads\/2025\/06\/20250527_120853-1024x768.jpg 1024w, https:\/\/www.regenbogenschule-sontra.de\/wp-content\/uploads\/2025\/06\/20250527_120853-300x225.jpg 300w, https:\/\/www.regenbogenschule-sontra.de\/wp-content\/uploads\/2025\/06\/20250527_120853-768x576.jpg 768w, https:\/\/www.regenbogenschule-sontra.de\/wp-content\/uploads\/2025\/06\/20250527_120853-1536x1152.jpg 1536w, https:\/\/www.regenbogenschule-sontra.de\/wp-content\/uploads\/2025\/06\/20250527_120853-2048x1536.jpg 2048w, https:\/\/www.regenbogenschule-sontra.de\/wp-content\/uploads\/2025\/06\/20250527_120853-676x507.jpg 676w\" sizes=\"auto, (max-width: 676px) 100vw, 676px\" \/><\/a><\/p>\n<p>&nbsp;<\/p>\n\n\n\n<p>&nbsp;<\/p>\n<p><strong>KI in der Grundschule<\/strong><\/p>\n<p>F\u00fcr die dritten und vierten Klassen unserer Schule drehte sich zwei Wochen lang alles um KI. Der Digital-Truck gastierte zum ersten Mal an unserer Schule.&nbsp; Die Lehrkr\u00e4fte wurden in einer vorgeschalteten Fortbildung sehr fachm\u00e4nnisch vorbereitet und konnten die Kinder dadurch gut durch die Veranstaltung begleiten.&nbsp;<br>Da&nbsp; dieses Thema einen immer gr\u00f6\u00dferen Stellenwert bekommen wird, waren alle Beteiligten mit gro\u00dfem Interesse bei der Sache.&nbsp;<\/p>\n<p><a href=\"https:\/\/www.regenbogenschule-sontra.de\/wp-content\/uploads\/2025\/05\/IMG_5071-scaled.jpg\"><img loading=\"lazy\" decoding=\"async\" class=\"alignleft size-medium wp-image-2910\" src=\"https:\/\/www.regenbogenschule-sontra.de\/wp-content\/uploads\/2025\/05\/IMG_5071-300x203.jpg\" alt=\"\" width=\"300\" height=\"203\" srcset=\"https:\/\/www.regenbogenschule-sontra.de\/wp-content\/uploads\/2025\/05\/IMG_5071-300x203.jpg 300w, https:\/\/www.regenbogenschule-sontra.de\/wp-content\/uploads\/2025\/05\/IMG_5071-1024x692.jpg 1024w, https:\/\/www.regenbogenschule-sontra.de\/wp-content\/uploads\/2025\/05\/IMG_5071-768x519.jpg 768w, https:\/\/www.regenbogenschule-sontra.de\/wp-content\/uploads\/2025\/05\/IMG_5071-1536x1038.jpg 1536w, https:\/\/www.regenbogenschule-sontra.de\/wp-content\/uploads\/2025\/05\/IMG_5071-2048x1383.jpg 2048w, https:\/\/www.regenbogenschule-sontra.de\/wp-content\/uploads\/2025\/05\/IMG_5071-676x457.jpg 676w\" sizes=\"auto, (max-width: 300px) 100vw, 300px\" \/><\/a><a href=\"https:\/\/www.regenbogenschule-sontra.de\/wp-content\/uploads\/2025\/05\/IMG_5067-scaled.jpg\"><img loading=\"lazy\" decoding=\"async\" class=\"alignright size-medium wp-image-2909\" src=\"https:\/\/www.regenbogenschule-sontra.de\/wp-content\/uploads\/2025\/05\/IMG_5067-225x300.jpg\" alt=\"\" width=\"225\" height=\"300\" srcset=\"https:\/\/www.regenbogenschule-sontra.de\/wp-content\/uploads\/2025\/05\/IMG_5067-225x300.jpg 225w, https:\/\/www.regenbogenschule-sontra.de\/wp-content\/uploads\/2025\/05\/IMG_5067-768x1024.jpg 768w, https:\/\/www.regenbogenschule-sontra.de\/wp-content\/uploads\/2025\/05\/IMG_5067-1152x1536.jpg 1152w, https:\/\/www.regenbogenschule-sontra.de\/wp-content\/uploads\/2025\/05\/IMG_5067-1536x2048.jpg 1536w, https:\/\/www.regenbogenschule-sontra.de\/wp-content\/uploads\/2025\/05\/IMG_5067-676x901.jpg 676w, https:\/\/www.regenbogenschule-sontra.de\/wp-content\/uploads\/2025\/05\/IMG_5067-scaled.jpg 1920w\" sizes=\"auto, (max-width: 225px) 100vw, 225px\" \/><\/a><\/p>\n<p>&nbsp;<\/p>\n<p>&nbsp;<\/p>\n<p>&nbsp;<\/p>\n<p>&nbsp;<\/p>\n<p>&nbsp;<\/p>\n<p>Weitere Informationen k\u00f6nnen Sie dem Zeitungsartikel aus der Werra-Rundschau entnehmen. <a href=\"https:\/\/www.regenbogenschule-sontra.de\/wp-content\/uploads\/2025\/05\/K.I.pdf\">K.I.<\/a><a href=\"https:\/\/www.regenbogenschule-sontra.de\/wp-content\/uploads\/2025\/05\/f17acdd1-fec8-411a-afcd-9bd7ba700697.jpg\"><img loading=\"lazy\" decoding=\"async\" class=\"alignright size-medium wp-image-2908\" src=\"https:\/\/www.regenbogenschule-sontra.de\/wp-content\/uploads\/2025\/05\/f17acdd1-fec8-411a-afcd-9bd7ba700697-300x225.jpg\" alt=\"\" width=\"300\" height=\"225\" srcset=\"https:\/\/www.regenbogenschule-sontra.de\/wp-content\/uploads\/2025\/05\/f17acdd1-fec8-411a-afcd-9bd7ba700697-300x225.jpg 300w, https:\/\/www.regenbogenschule-sontra.de\/wp-content\/uploads\/2025\/05\/f17acdd1-fec8-411a-afcd-9bd7ba700697-1024x768.jpg 1024w, https:\/\/www.regenbogenschule-sontra.de\/wp-content\/uploads\/2025\/05\/f17acdd1-fec8-411a-afcd-9bd7ba700697-768x576.jpg 768w, https:\/\/www.regenbogenschule-sontra.de\/wp-content\/uploads\/2025\/05\/f17acdd1-fec8-411a-afcd-9bd7ba700697-1536x1152.jpg 1536w, https:\/\/www.regenbogenschule-sontra.de\/wp-content\/uploads\/2025\/05\/f17acdd1-fec8-411a-afcd-9bd7ba700697-676x507.jpg 676w, https:\/\/www.regenbogenschule-sontra.de\/wp-content\/uploads\/2025\/05\/f17acdd1-fec8-411a-afcd-9bd7ba700697.jpg 2048w\" sizes=\"auto, (max-width: 300px) 100vw, 300px\" \/><\/a><\/p>\n<p><a href=\"https:\/\/www.regenbogenschule-sontra.de\/wp-content\/uploads\/2025\/05\/20250423_115732-scaled.jpg\"><img loading=\"lazy\" decoding=\"async\" class=\"alignleft size-medium wp-image-2907\" src=\"https:\/\/www.regenbogenschule-sontra.de\/wp-content\/uploads\/2025\/05\/20250423_115732-300x225.jpg\" alt=\"\" width=\"300\" height=\"225\" srcset=\"https:\/\/www.regenbogenschule-sontra.de\/wp-content\/uploads\/2025\/05\/20250423_115732-300x225.jpg 300w, https:\/\/www.regenbogenschule-sontra.de\/wp-content\/uploads\/2025\/05\/20250423_115732-1024x768.jpg 1024w, https:\/\/www.regenbogenschule-sontra.de\/wp-content\/uploads\/2025\/05\/20250423_115732-768x576.jpg 768w, https:\/\/www.regenbogenschule-sontra.de\/wp-content\/uploads\/2025\/05\/20250423_115732-1536x1152.jpg 1536w, https:\/\/www.regenbogenschule-sontra.de\/wp-content\/uploads\/2025\/05\/20250423_115732-2048x1536.jpg 2048w, https:\/\/www.regenbogenschule-sontra.de\/wp-content\/uploads\/2025\/05\/20250423_115732-676x507.jpg 676w\" sizes=\"auto, (max-width: 300px) 100vw, 300px\" \/><\/a><\/p>\n\n\n\n<h3 style=\"text-align: center;\">&nbsp;<\/h3>\n\n\n\n<p>&nbsp;<\/p>\n<p>&nbsp;<\/p>\n<p>&nbsp;<\/p>\n<p>&nbsp;<\/p>\n<p>&nbsp;<\/p>\n<p>&nbsp;<\/p>\n<p>&nbsp;<\/p>\n<p>&nbsp;<\/p>\n<p><span style=\"font-size: inherit;\"><a href=\"https:\/\/www.regenbogenschule-sontra.de\/wp-content\/uploads\/2025\/05\/20250423_115732-scaled.jpg\"><br><\/a> &nbsp; &nbsp; &nbsp; &nbsp; &nbsp; &nbsp; &nbsp; &nbsp; &nbsp; &nbsp; &nbsp; &nbsp; &nbsp; &nbsp; &nbsp; &nbsp; &nbsp; &nbsp; &nbsp; &nbsp; &nbsp; &nbsp; &nbsp; &nbsp; &nbsp; &nbsp; &nbsp; &nbsp; &nbsp;<\/span><\/p>\n\n\n\n<p>&nbsp;<\/p>\n<p><span style=\"background-color: #ffff00;\"><strong>Online-Eltern-Talks<\/strong><\/span><\/p>\n<p>Liebe Eltern,<\/p>\n<p>wir m\u00f6chten Sie auf die n\u00e4chsten Termin hinweisen. Hier erhalten Sie wertvolle Tipps zu den Themen und k\u00f6nnen Fragen stellen. Interessierte Eltern k\u00f6nnen sich ganz einfach \u00fcber die Kontaktdaten anmelden. Teilnahme ist begrenzt.<\/p>\n\n\n\n<p><a href=\"https:\/\/www.regenbogenschule-sontra.de\/wp-content\/uploads\/2025\/03\/IMG-20250318-WA0002.jpg\"><img loading=\"lazy\" decoding=\"async\" class=\"aligncenter  wp-image-2880\" src=\"https:\/\/www.regenbogenschule-sontra.de\/wp-content\/uploads\/2025\/03\/IMG-20250318-WA0002.jpg\" alt=\"\" width=\"675\" height=\"478\" srcset=\"https:\/\/www.regenbogenschule-sontra.de\/wp-content\/uploads\/2025\/03\/IMG-20250318-WA0002.jpg 600w, https:\/\/www.regenbogenschule-sontra.de\/wp-content\/uploads\/2025\/03\/IMG-20250318-WA0002-300x213.jpg 300w\" sizes=\"auto, (max-width: 675px) 100vw, 675px\" \/><\/a><\/p>\n\n\n\n<p>&nbsp;<\/p>\n<p>&nbsp;<\/p>\n<p>&nbsp;<\/p>\n<p>&nbsp;<\/p>\n\n\n\n\n\n\n","protected":false},"excerpt":{"rendered":"<p>Der F\u00f6rderverein der Regenbogenschule hat auch in diesem Jahr wieder allen Kindern der ersten Klassen und der Vorklasse leuchtende Sicherheitswesten geschenkt. So sind unsere j\u00fcngsten Sch\u00fclerinnen und Sch\u00fcler in der dunklen Jahreszeit besser im Stra\u00dfenverkehr sichtbar und k\u00f6nnen sicher zur Schule kommen. Wir bedanken uns herzlich beim F\u00f6rderverein unsere Schule f\u00fcr diese tolle und wichtige [&hellip;]<\/p>\n","protected":false},"author":1,"featured_media":0,"parent":0,"menu_order":0,"comment_status":"closed","ping_status":"closed","template":"","meta":{"footnotes":""},"class_list":["post-132","page","type-page","status-publish","hentry","post-preview"],"_links":{"self":[{"href":"https:\/\/www.regenbogenschule-sontra.de\/index.php?rest_route=\/wp\/v2\/pages\/132","targetHints":{"allow":["GET"]}}],"collection":[{"href":"https:\/\/www.regenbogenschule-sontra.de\/index.php?rest_route=\/wp\/v2\/pages"}],"about":[{"href":"https:\/\/www.regenbogenschule-sontra.de\/index.php?rest_route=\/wp\/v2\/types\/page"}],"author":[{"embeddable":true,"href":"https:\/\/www.regenbogenschule-sontra.de\/index.php?rest_route=\/wp\/v2\/users\/1"}],"replies":[{"embeddable":true,"href":"https:\/\/www.regenbogenschule-sontra.de\/index.php?rest_route=%2Fwp%2Fv2%2Fcomments&post=132"}],"version-history":[{"count":236,"href":"https:\/\/www.regenbogenschule-sontra.de\/index.php?rest_route=\/wp\/v2\/pages\/132\/revisions"}],"predecessor-version":[{"id":2978,"href":"https:\/\/www.regenbogenschule-sontra.de\/index.php?rest_route=\/wp\/v2\/pages\/132\/revisions\/2978"}],"wp:attachment":[{"href":"https:\/\/www.regenbogenschule-sontra.de\/index.php?rest_route=%2Fwp%2Fv2%2Fmedia&parent=132"}],"curies":[{"name":"wp","href":"https:\/\/api.w.org\/{rel}","templated":true}]}}