{"id":1194,"date":"2014-04-27T08:59:53","date_gmt":"2014-04-27T08:59:53","guid":{"rendered":"http:\/\/www.regenbogenschule-sontra.de\/?page_id=1194"},"modified":"2014-04-27T09:03:30","modified_gmt":"2014-04-27T09:03:30","slug":"zirkusprojekt-2014","status":"publish","type":"page","link":"https:\/\/www.regenbogenschule-sontra.de\/?page_id=1194","title":{"rendered":"Zirkusprojekt 2014"},"content":{"rendered":"<p>Glanz und Zauber in der Manege<\/p>\n<p>Zwei ganz besondere Unterrichtsstunden standen vor den Osterferien auf dem t\u00e4glichen Stundenplan der Regenbogensch\u00fcler: Mit den Lehrmeistern Alois, Alexandra und Gina Kaselowsky in den Unterrichtsf\u00e4chern Akrobatik, Tierdressur, Clownerie und Magie sollte keine Spur von Langeweile aufkommen. <br \/>Voller Eifer \u00fcbten die Kinder der ersten bis vierten Klassen einschlie\u00dflich der Vorklasse in ihren selbst gew\u00e4hlten Disziplinen, um am Ende der Woche als kleine Stars in der Manege des Zirkus Casselly zu gl\u00e4nzen. Als dann endlich der Startschuss f\u00fcr die rund anderthalbst\u00fcndige Vorstellung fiel, warteten die Kleinen in glitzernden und bunten Zirkuskost\u00fcmen in ihrer K\u00fcnstlerloge schon gespannt auf ihren Auftritt, der mit einer von abenteuerlicher Westernmusik untermalten Pferdenummer begann. Ebenso wie die lustigen Musik-Clowns begeisterte anschlie\u00dfend Zirkushund Lucky Luke das Publikum, als er unerm\u00fcdlich durch die von den kleinen Hundedresseuren gehaltenen Reifen sprang. Die \u201eLos Amigos\u201c aus Mexiko f\u00fchrten flinke Bergziegen auf einem Kletterger\u00fcst durch die Manege und ernteten daf\u00fcr gleichviel Applaus wie die Akteure mit ihrer zauberhaften Taubendressur. Mit einer nahezu professionellen \u201eMagic-Show\u201c lie\u00dfen die jungen Magiere die Zuschauer bangen, denn schlie\u00dflich schwangen die Zauberer ihre langen Schwerter und durchstachen damit die Zauberkiste von allen Seiten, in die zuvor ein Mitsch\u00fcler geklettert war. Wenn es auch leicht erscheint, die Balance auf einem Spaziergang \u00fcber das Drahtseil zu halten, so ist es doch harte Arbeit, die der absoluten Konzentration bedurfte. Auch unsere jungen Akrobaten an Trapez und Luftreifen bewiesen Aufmerksamkeit und Achtsamkeit in ihren einstudierten Posen, die sie teils paarweise darboten. <br \/>Nach drei Vorstellungen, die mit viel Applaus von Eltern, Gro\u00dfeltern, Tanten und Freunden der Regenbogenschule belohnt wurden, musste das Zirkuszelt noch am Freitagabend wieder abgebaut werden. Dazu ben\u00f6tigte der auf Unterrichtsprojekte spezialisierte Zirkus Casselly tatkr\u00e4ftige Helfer. Bis Mitternacht, so Schulleiterin Silke Genzel dankbar und erleichtert, halfen zehn Eltern, so dass das Zirkusunternehmen Casselly schon am fr\u00fchen Samstagmorgen weiter nach Hamburg aufbrechen konnte.<br \/> Auch Regina Pr\u00fc\u00dfner m\u00f6chte als Elternbeiratsvorsitzende und Mitglied des F\u00f6rdervereins der Regenbogenschule allen Aktiven danken, die sich mit Auf- und Abbau sowie Verkauf von W\u00fcrstchen und Getr\u00e4nken beteiligt haben. Schlie\u00dflich hatte der F\u00f6rderverein das Zirkusprojekt mit finanzieller Unterst\u00fctzung erm\u00f6glicht und Hausmeister Karl-Heinz Sch\u00fcssler tatkr\u00e4ftige Logistikarbeit geleistet. Als Erinnerung gibt es von allen drei Vorstellungen Filmaufnahmen, die von Diethelm Schilling, dem Kassierer des F\u00f6rdervereins, produziert wurden. A.K.<\/p>\n","protected":false},"excerpt":{"rendered":"<p>Glanz und Zauber in der Manege Zwei ganz besondere Unterrichtsstunden standen vor den Osterferien auf dem t\u00e4glichen Stundenplan der Regenbogensch\u00fcler: Mit den Lehrmeistern Alois, Alexandra und Gina Kaselowsky in den Unterrichtsf\u00e4chern Akrobatik, Tierdressur, Clownerie und Magie sollte keine Spur von Langeweile aufkommen. Voller Eifer \u00fcbten die Kinder der ersten bis vierten Klassen einschlie\u00dflich der Vorklasse [&hellip;]<\/p>\n","protected":false},"author":2,"featured_media":0,"parent":0,"menu_order":0,"comment_status":"closed","ping_status":"closed","template":"","meta":{"footnotes":""},"class_list":["post-1194","page","type-page","status-publish","hentry","post-preview"],"_links":{"self":[{"href":"https:\/\/www.regenbogenschule-sontra.de\/index.php?rest_route=\/wp\/v2\/pages\/1194","targetHints":{"allow":["GET"]}}],"collection":[{"href":"https:\/\/www.regenbogenschule-sontra.de\/index.php?rest_route=\/wp\/v2\/pages"}],"about":[{"href":"https:\/\/www.regenbogenschule-sontra.de\/index.php?rest_route=\/wp\/v2\/types\/page"}],"author":[{"embeddable":true,"href":"https:\/\/www.regenbogenschule-sontra.de\/index.php?rest_route=\/wp\/v2\/users\/2"}],"replies":[{"embeddable":true,"href":"https:\/\/www.regenbogenschule-sontra.de\/index.php?rest_route=%2Fwp%2Fv2%2Fcomments&post=1194"}],"version-history":[{"count":3,"href":"https:\/\/www.regenbogenschule-sontra.de\/index.php?rest_route=\/wp\/v2\/pages\/1194\/revisions"}],"predecessor-version":[{"id":1198,"href":"https:\/\/www.regenbogenschule-sontra.de\/index.php?rest_route=\/wp\/v2\/pages\/1194\/revisions\/1198"}],"wp:attachment":[{"href":"https:\/\/www.regenbogenschule-sontra.de\/index.php?rest_route=%2Fwp%2Fv2%2Fmedia&parent=1194"}],"curies":[{"name":"wp","href":"https:\/\/api.w.org\/{rel}","templated":true}]}}